{"id":5,"date":"2020-01-12T16:34:35","date_gmt":"2020-01-12T16:34:35","guid":{"rendered":"http:\/\/www.xn--deine-lsung-dein-weg-99b.de\/?page_id=5"},"modified":"2021-11-15T19:56:43","modified_gmt":"2021-11-15T18:56:43","slug":"ueber-mich","status":"publish","type":"page","link":"https:\/\/www.xn--deine-lsung-dein-weg-99b.de\/?page_id=5","title":{"rendered":"\u00dcber mich"},"content":{"rendered":"\n<p><\/p>\n\n\n\n<div class=\"wp-block-image\"><figure class=\"aligncenter size-large is-resized\"><img loading=\"lazy\" decoding=\"async\" src=\"http:\/\/www.xn--deine-lsung-dein-weg-99b.de\/wp-content\/uploads\/2020\/01\/heilbild_002-1024x911.png\" alt=\"\" class=\"wp-image-45\" width=\"260\" height=\"230\" srcset=\"https:\/\/www.xn--deine-lsung-dein-weg-99b.de\/wp-content\/uploads\/2020\/01\/heilbild_002-1024x911.png 1024w, https:\/\/www.xn--deine-lsung-dein-weg-99b.de\/wp-content\/uploads\/2020\/01\/heilbild_002-300x267.png 300w, https:\/\/www.xn--deine-lsung-dein-weg-99b.de\/wp-content\/uploads\/2020\/01\/heilbild_002-768x683.png 768w, https:\/\/www.xn--deine-lsung-dein-weg-99b.de\/wp-content\/uploads\/2020\/01\/heilbild_002.png 1494w\" sizes=\"auto, (max-width: 260px) 100vw, 260px\" \/><\/figure><\/div>\n\n\n\n<p>Mein Name ist Sandra White, ich wurde 1967 geboren und bin verheiratet.<\/p>\n\n\n\n<p>\u00dcber 18 Jahre arbeitete ich in einer \u00f6ffentlichen Einrichtung als Verwaltungsangestellte. W\u00e4hrend dieser Zeit hatte ich mit sehr vielen Menschen Kontakt und durch tiefe pers\u00f6nliche Erfahrungen wurde mir bewusst, dass ich mich sehr mit der Naturheilkunde verbunden f\u00fchlte und dadurch \u00e4nderte ich meinen Lebensweg.<\/p>\n\n\n\n<p>2011 hatte ich meine erste Begegnung mit Schamanismus, sofort war es mir bewusst das ich meinen Platz gefunden hatte; &#8222;alles neu aber vertraut&#8220;.\u00a0Mein schamanischer Weg f\u00fchrte mich zur\u00fcck zu meinen Wurzeln die vergessen waren und sind jetzt endlich ein Teil von mir. 2014 erhielt ich meine Einweihung und seit dem gehe ich Dankbar meinen schamanischen Weg.<\/p>\n\n\n\n<p>Auf diesem Weg folgte die Ausbildung zur psychologischen Beraterin und im Anschluss die Gesundheitspraktikerin mit dem Schwerpunkt schamanische Heilweisen. <\/p>\n\n\n\n<p>Ich bin Mitglied in der Deutsche Gesellschaft f\u00fcr alternative Medizin sowie  Verband Freier Psychotherapeuten, Heilpraktiker f\u00fcr Psychotherapie und Psychologischer Berater e.V.<\/p>\n\n\n\n<p>In Wertsch\u00e4tzung und Dankbarkeit einige Lehrer-, innen und inspirierende Wegbegleiter<\/p>\n\n\n\n<p>&nbsp;&nbsp;&nbsp;&nbsp;&nbsp;&nbsp;&nbsp;&nbsp;&nbsp;&nbsp;&nbsp; Simone Ilskens (Schamanin)<\/p>\n\n\n\n<p>&nbsp;&nbsp;&nbsp;&nbsp;&nbsp;&nbsp;&nbsp;&nbsp;&nbsp;&nbsp;&nbsp; C\u00fcneyt G\u00f6renel (Schamane &amp; K\u00fcnstler)<\/p>\n\n\n\n<p>&nbsp;&nbsp;&nbsp;&nbsp;&nbsp;&nbsp;&nbsp;&nbsp;&nbsp;&nbsp;&nbsp; Adrian Oswald (Schamane)<\/p>\n\n\n\n<p>&nbsp;&nbsp;&nbsp;&nbsp;&nbsp;&nbsp;&nbsp;&nbsp;&nbsp;&nbsp;&nbsp;  Angaangaq Angakkorsuaq, (Schamane)&nbsp; <\/p>\n\n\n\n<p>&nbsp;&nbsp;&nbsp;&nbsp;&nbsp;&nbsp;&nbsp;&nbsp;&nbsp;&nbsp;&nbsp; Lars K\u00f6hne (Schamane)<\/p>\n\n\n\n<p>&#8211; sowie meiner Familie, Freunde und Begegnungen die mich tief ber\u00fchrt und inspiriert haben<\/p>\n\n\n\n<p>&#8211; meinen Ahnen und Spirits aus der \u201cnicht allt\u00e4glichen Wirklichkeit\u201c die mich stets begleiten und denen ich sehr&nbsp;verbunden bin, <\/p>\n\n\n\n<p><strong>Danke!<\/strong><\/p>\n","protected":false},"excerpt":{"rendered":"<p>Mein Name ist Sandra White, ich wurde 1967 geboren und bin verheiratet. \u00dcber 18 Jahre arbeitete ich in einer \u00f6ffentlichen Einrichtung als Verwaltungsangestellte. W\u00e4hrend dieser Zeit hatte ich mit sehr vielen Menschen Kontakt und durch tiefe pers\u00f6nliche Erfahrungen wurde mir<\/p>\n","protected":false},"author":1,"featured_media":0,"parent":0,"menu_order":0,"comment_status":"closed","ping_status":"closed","template":"","meta":{"footnotes":""},"class_list":["post-5","page","type-page","status-publish","hentry"],"jetpack_sharing_enabled":true,"_links":{"self":[{"href":"https:\/\/www.xn--deine-lsung-dein-weg-99b.de\/index.php?rest_route=\/wp\/v2\/pages\/5","targetHints":{"allow":["GET"]}}],"collection":[{"href":"https:\/\/www.xn--deine-lsung-dein-weg-99b.de\/index.php?rest_route=\/wp\/v2\/pages"}],"about":[{"href":"https:\/\/www.xn--deine-lsung-dein-weg-99b.de\/index.php?rest_route=\/wp\/v2\/types\/page"}],"author":[{"embeddable":true,"href":"https:\/\/www.xn--deine-lsung-dein-weg-99b.de\/index.php?rest_route=\/wp\/v2\/users\/1"}],"replies":[{"embeddable":true,"href":"https:\/\/www.xn--deine-lsung-dein-weg-99b.de\/index.php?rest_route=%2Fwp%2Fv2%2Fcomments&post=5"}],"version-history":[{"count":8,"href":"https:\/\/www.xn--deine-lsung-dein-weg-99b.de\/index.php?rest_route=\/wp\/v2\/pages\/5\/revisions"}],"predecessor-version":[{"id":336,"href":"https:\/\/www.xn--deine-lsung-dein-weg-99b.de\/index.php?rest_route=\/wp\/v2\/pages\/5\/revisions\/336"}],"wp:attachment":[{"href":"https:\/\/www.xn--deine-lsung-dein-weg-99b.de\/index.php?rest_route=%2Fwp%2Fv2%2Fmedia&parent=5"}],"curies":[{"name":"wp","href":"https:\/\/api.w.org\/{rel}","templated":true}]}}